{"id":3777,"date":"2026-01-04T19:03:55","date_gmt":"2026-01-04T17:03:55","guid":{"rendered":"https:\/\/femsalutnatural.com\/?page_id=3777"},"modified":"2026-01-04T19:34:40","modified_gmt":"2026-01-04T17:34:40","slug":"cursos-aromaterapia","status":"publish","type":"page","link":"https:\/\/femsalutnatural.com\/ca\/cursos-aromaterapia\/","title":{"rendered":"Cursos Aromaterapia"},"content":{"rendered":"\t\t<div data-elementor-type=\"wp-page\" data-elementor-id=\"3777\" class=\"elementor elementor-3777\">\n\t\t\t\t\t\t<section class=\"elementor-section elementor-top-section elementor-element elementor-element-b2113d4 elementor-section-height-min-height elementor-section-boxed elementor-section-height-default elementor-section-items-middle\" data-id=\"b2113d4\" data-element_type=\"section\" data-e-type=\"section\" data-settings=\"{&quot;background_background&quot;:&quot;classic&quot;,&quot;background_motion_fx_motion_fx_scrolling&quot;:&quot;yes&quot;,&quot;background_motion_fx_translateY_effect&quot;:&quot;yes&quot;,&quot;background_motion_fx_translateY_speed&quot;:{&quot;unit&quot;:&quot;px&quot;,&quot;size&quot;:5.7,&quot;sizes&quot;:[]},&quot;background_motion_fx_translateY_affectedRange&quot;:{&quot;unit&quot;:&quot;%&quot;,&quot;size&quot;:&quot;&quot;,&quot;sizes&quot;:{&quot;start&quot;:0,&quot;end&quot;:100}},&quot;background_motion_fx_devices&quot;:[&quot;desktop&quot;,&quot;tablet&quot;,&quot;mobile&quot;]}\">\n\t\t\t\t\t\t\t<div class=\"elementor-background-overlay\"><\/div>\n\t\t\t\t\t\t\t<div class=\"elementor-container elementor-column-gap-no\">\n\t\t\t\t\t<div class=\"elementor-column elementor-col-100 elementor-top-column elementor-element elementor-element-43a930c7\" data-id=\"43a930c7\" data-element_type=\"column\" data-e-type=\"column\">\n\t\t\t<div class=\"elementor-widget-wrap elementor-element-populated\">\n\t\t\t\t\t\t<div class=\"elementor-element elementor-element-236340ec elementor-widget elementor-widget-heading\" data-id=\"236340ec\" data-element_type=\"widget\" data-e-type=\"widget\" data-widget_type=\"heading.default\">\n\t\t\t\t<div class=\"elementor-widget-container\">\n\t\t\t\t\t<h1 class=\"elementor-heading-title elementor-size-default\">Cursos y Talleres Aromaterapia<\/h1>\t\t\t\t<\/div>\n\t\t\t\t<\/div>\n\t\t\t\t\t<\/div>\n\t\t<\/div>\n\t\t\t\t\t<\/div>\n\t\t<\/section>\n\t\t\t\t<section class=\"elementor-section elementor-top-section elementor-element elementor-element-4cc988a elementor-section-boxed elementor-section-height-default elementor-section-height-default\" data-id=\"4cc988a\" data-element_type=\"section\" data-e-type=\"section\">\n\t\t\t\t\t\t<div class=\"elementor-container elementor-column-gap-default\">\n\t\t\t\t\t<div class=\"elementor-column elementor-col-100 elementor-top-column elementor-element elementor-element-6a64267\" data-id=\"6a64267\" data-element_type=\"column\" data-e-type=\"column\">\n\t\t\t<div class=\"elementor-widget-wrap\">\n\t\t\t\t\t\t\t<\/div>\n\t\t<\/div>\n\t\t\t\t\t<\/div>\n\t\t<\/section>\n\t\t\t\t<section class=\"elementor-section elementor-top-section elementor-element elementor-element-7725fe8 elementor-section-boxed elementor-section-height-default elementor-section-height-default\" data-id=\"7725fe8\" data-element_type=\"section\" data-e-type=\"section\">\n\t\t\t\t\t\t<div class=\"elementor-container elementor-column-gap-default\">\n\t\t\t\t\t<div class=\"elementor-column elementor-col-33 elementor-top-column elementor-element elementor-element-9d84f7b\" data-id=\"9d84f7b\" data-element_type=\"column\" data-e-type=\"column\">\n\t\t\t<div class=\"elementor-widget-wrap elementor-element-populated\">\n\t\t\t\t\t\t<div class=\"elementor-element elementor-element-387a139 elementor-widget__width-initial elementor-widget elementor-widget-image\" data-id=\"387a139\" data-element_type=\"widget\" data-e-type=\"widget\" data-widget_type=\"image.default\">\n\t\t\t\t<div class=\"elementor-widget-container\">\n\t\t\t\t\t\t\t\t\t\t\t\t\t\t\t<img fetchpriority=\"high\" decoding=\"async\" width=\"1024\" height=\"680\" src=\"https:\/\/femsalutnatural.com\/wp-content\/uploads\/2025\/12\/image-1024x680.png\" class=\"attachment-large size-large wp-image-3718\" alt=\"\" srcset=\"https:\/\/femsalutnatural.com\/wp-content\/uploads\/2025\/12\/image-1024x680.png 1024w, https:\/\/femsalutnatural.com\/wp-content\/uploads\/2025\/12\/image-300x199.png 300w, https:\/\/femsalutnatural.com\/wp-content\/uploads\/2025\/12\/image-768x510.png 768w, https:\/\/femsalutnatural.com\/wp-content\/uploads\/2025\/12\/image-1536x1020.png 1536w, https:\/\/femsalutnatural.com\/wp-content\/uploads\/2025\/12\/image-18x12.png 18w, https:\/\/femsalutnatural.com\/wp-content\/uploads\/2025\/12\/image.png 1600w\" sizes=\"(max-width: 1024px) 100vw, 1024px\" \/>\t\t\t\t\t\t\t\t\t\t\t\t\t\t\t<\/div>\n\t\t\t\t<\/div>\n\t\t\t\t<div class=\"elementor-element elementor-element-f21f60a elementor-widget elementor-widget-text-editor\" data-id=\"f21f60a\" data-element_type=\"widget\" data-e-type=\"widget\" data-widget_type=\"text-editor.default\">\n\t\t\t\t<div class=\"elementor-widget-container\">\n\t\t\t\t\t\t\t\t\t<p data-start=\"1660\" data-end=\"1727\"><strong data-start=\"1660\" data-end=\"1688\">Hidrolatos y su uso oral<\/strong><br data-start=\"1688\" data-end=\"1691\" \/>\ud83d\udd52 6 horas<br data-start=\"1701\" data-end=\"1704\" \/><strong data-start=\"1704\" data-end=\"1714\">Nivel:<\/strong> Iniciaci\u00f3n<\/p><p data-start=\"1660\" data-end=\"1727\">Un viaje sensorial y formativo para conocer las propiedades terap\u00e9uticas de los hidrolatos y c\u00f3mo integrarlos en tu salud y autocuidado.<\/p><p data-start=\"1947\" data-end=\"1996\"><br data-start=\"1953\" data-end=\"1956\" \/><strong data-start=\"1956\" data-end=\"1996\">Ver programa \/ Solicitar informaci\u00f3n<\/strong><\/p>\t\t\t\t\t\t\t\t<\/div>\n\t\t\t\t<\/div>\n\t\t\t\t\t<\/div>\n\t\t<\/div>\n\t\t\t\t<div class=\"elementor-column elementor-col-33 elementor-top-column elementor-element elementor-element-ca923bb\" data-id=\"ca923bb\" data-element_type=\"column\" data-e-type=\"column\">\n\t\t\t<div class=\"elementor-widget-wrap elementor-element-populated\">\n\t\t\t\t\t\t<div class=\"elementor-element elementor-element-ddddb3c elementor-widget__width-initial elementor-widget elementor-widget-image\" data-id=\"ddddb3c\" data-element_type=\"widget\" data-e-type=\"widget\" data-widget_type=\"image.default\">\n\t\t\t\t<div class=\"elementor-widget-container\">\n\t\t\t\t\t\t\t\t\t\t\t\t\t\t\t<img decoding=\"async\" width=\"996\" height=\"682\" src=\"https:\/\/femsalutnatural.com\/wp-content\/uploads\/2023\/03\/terapeutica.jpg\" class=\"attachment-large size-large wp-image-1783\" alt=\"aromaterapia para todos\" srcset=\"https:\/\/femsalutnatural.com\/wp-content\/uploads\/2023\/03\/terapeutica.jpg 996w, https:\/\/femsalutnatural.com\/wp-content\/uploads\/2023\/03\/terapeutica-300x205.jpg 300w, https:\/\/femsalutnatural.com\/wp-content\/uploads\/2023\/03\/terapeutica-768x526.jpg 768w, https:\/\/femsalutnatural.com\/wp-content\/uploads\/2023\/03\/terapeutica-18x12.jpg 18w\" sizes=\"(max-width: 996px) 100vw, 996px\" \/>\t\t\t\t\t\t\t\t\t\t\t\t\t\t\t<\/div>\n\t\t\t\t<\/div>\n\t\t\t\t<div class=\"elementor-element elementor-element-7624eac elementor-widget__width-initial elementor-widget elementor-widget-text-editor\" data-id=\"7624eac\" data-element_type=\"widget\" data-e-type=\"widget\" data-widget_type=\"text-editor.default\">\n\t\t\t\t<div class=\"elementor-widget-container\">\n\t\t\t\t\t\t\t\t\t<p data-start=\"1660\" data-end=\"1727\">\u00a0<strong data-start=\"1660\" data-end=\"1688\">Bases de la Aromaterapia<\/strong><br data-start=\"1688\" data-end=\"1691\" \/>\ud83d\udd52 8 horas<br data-start=\"1701\" data-end=\"1704\" \/><strong data-start=\"1704\" data-end=\"1714\">Nivel:<\/strong> Iniciaci\u00f3n<\/p><p data-start=\"1660\" data-end=\"1727\"><span style=\"font-size: 16px;\">Formaci\u00f3n introductoria para adquirir una base s\u00f3lida en aromaterapia, aprender a elegir y utilizar aceites esenciales con seguridad y comenzar a crear un botiqu\u00edn arom\u00e1tico adaptado a tus necesidades.<\/span><\/p><p data-start=\"1947\" data-end=\"1996\"><br data-start=\"1953\" data-end=\"1956\" \/><strong data-start=\"1956\" data-end=\"1996\">Ver programa \/ Solicitar informaci\u00f3n<\/strong><\/p>\t\t\t\t\t\t\t\t<\/div>\n\t\t\t\t<\/div>\n\t\t\t\t\t<\/div>\n\t\t<\/div>\n\t\t\t\t<div class=\"elementor-column elementor-col-33 elementor-top-column elementor-element elementor-element-03a14da\" data-id=\"03a14da\" data-element_type=\"column\" data-e-type=\"column\">\n\t\t\t<div class=\"elementor-widget-wrap elementor-element-populated\">\n\t\t\t\t\t\t<div class=\"elementor-element elementor-element-e43d7e9 elementor-widget__width-initial elementor-widget elementor-widget-image\" data-id=\"e43d7e9\" data-element_type=\"widget\" data-e-type=\"widget\" data-widget_type=\"image.default\">\n\t\t\t\t<div class=\"elementor-widget-container\">\n\t\t\t\t\t\t\t\t\t\t\t\t\t\t\t<img decoding=\"async\" width=\"1000\" height=\"614\" src=\"https:\/\/femsalutnatural.com\/wp-content\/uploads\/2023\/03\/oler-y-sentir.jpg\" class=\"attachment-large size-large wp-image-1782\" alt=\"\" srcset=\"https:\/\/femsalutnatural.com\/wp-content\/uploads\/2023\/03\/oler-y-sentir.jpg 1000w, https:\/\/femsalutnatural.com\/wp-content\/uploads\/2023\/03\/oler-y-sentir-300x184.jpg 300w, https:\/\/femsalutnatural.com\/wp-content\/uploads\/2023\/03\/oler-y-sentir-768x472.jpg 768w, https:\/\/femsalutnatural.com\/wp-content\/uploads\/2023\/03\/oler-y-sentir-18x12.jpg 18w\" sizes=\"(max-width: 1000px) 100vw, 1000px\" \/>\t\t\t\t\t\t\t\t\t\t\t\t\t\t\t<\/div>\n\t\t\t\t<\/div>\n\t\t\t\t<div class=\"elementor-element elementor-element-695486c elementor-widget elementor-widget-text-editor\" data-id=\"695486c\" data-element_type=\"widget\" data-e-type=\"widget\" data-widget_type=\"text-editor.default\">\n\t\t\t\t<div class=\"elementor-widget-container\">\n\t\t\t\t\t\t\t\t\t<p data-start=\"1660\" data-end=\"1727\"><strong data-start=\"1660\" data-end=\"1688\">Aromaterapia emocional y energ\u00e9tica<\/strong><br data-start=\"1688\" data-end=\"1691\" \/>\ud83d\udd52 16 horas<br data-start=\"1701\" data-end=\"1704\" \/><strong data-start=\"1704\" data-end=\"1714\">Nivel:<\/strong> Intermedio<\/p><p data-start=\"1660\" data-end=\"1727\"><span style=\"font-size: 16px;\">Curso enfocado en el uso emocional y energ\u00e9tico de los aceites esenciales, el trabajo con el sistema l\u00edmbico y los centros energ\u00e9ticos y la psicoaromaterapia como herramienta de acompa\u00f1amiento.<\/span><\/p><p data-start=\"1947\" data-end=\"1996\"><br data-start=\"1953\" data-end=\"1956\" \/><strong data-start=\"1956\" data-end=\"1996\">Ver programa \/ Solicitar informaci\u00f3n<\/strong><\/p>\t\t\t\t\t\t\t\t<\/div>\n\t\t\t\t<\/div>\n\t\t\t\t\t<\/div>\n\t\t<\/div>\n\t\t\t\t\t<\/div>\n\t\t<\/section>\n\t\t\t\t<section class=\"elementor-section elementor-top-section elementor-element elementor-element-aa70384 elementor-section-boxed elementor-section-height-default elementor-section-height-default\" data-id=\"aa70384\" data-element_type=\"section\" data-e-type=\"section\">\n\t\t\t\t\t\t<div class=\"elementor-container elementor-column-gap-default\">\n\t\t\t\t\t<div class=\"elementor-column elementor-col-33 elementor-top-column elementor-element elementor-element-53cdf4e\" data-id=\"53cdf4e\" data-element_type=\"column\" data-e-type=\"column\">\n\t\t\t<div class=\"elementor-widget-wrap elementor-element-populated\">\n\t\t\t\t\t\t<div class=\"elementor-element elementor-element-a2db483 elementor-widget__width-initial elementor-widget elementor-widget-image\" data-id=\"a2db483\" data-element_type=\"widget\" data-e-type=\"widget\" data-widget_type=\"image.default\">\n\t\t\t\t<div class=\"elementor-widget-container\">\n\t\t\t\t\t\t\t\t\t\t\t\t\t\t\t<img loading=\"lazy\" decoding=\"async\" width=\"600\" height=\"351\" src=\"https:\/\/femsalutnatural.com\/wp-content\/uploads\/2023\/03\/masaje.jpg\" class=\"attachment-large size-large wp-image-1781\" alt=\"\" srcset=\"https:\/\/femsalutnatural.com\/wp-content\/uploads\/2023\/03\/masaje.jpg 600w, https:\/\/femsalutnatural.com\/wp-content\/uploads\/2023\/03\/masaje-300x176.jpg 300w, https:\/\/femsalutnatural.com\/wp-content\/uploads\/2023\/03\/masaje-18x12.jpg 18w\" sizes=\"(max-width: 600px) 100vw, 600px\" \/>\t\t\t\t\t\t\t\t\t\t\t\t\t\t\t<\/div>\n\t\t\t\t<\/div>\n\t\t\t\t<div class=\"elementor-element elementor-element-e040162 elementor-widget elementor-widget-text-editor\" data-id=\"e040162\" data-element_type=\"widget\" data-e-type=\"widget\" data-widget_type=\"text-editor.default\">\n\t\t\t\t<div class=\"elementor-widget-container\">\n\t\t\t\t\t\t\t\t\t<p data-start=\"1660\" data-end=\"1727\"><strong>Aromaterapia aplicada al masaje y formulaci\u00f3n<\/strong><br data-start=\"1688\" data-end=\"1691\" \/>\ud83d\udd52 16 horas<br data-start=\"1701\" data-end=\"1704\" \/><strong data-start=\"1704\" data-end=\"1714\">Nivel:<\/strong> Intermedio<\/p><p data-start=\"1660\" data-end=\"1727\"><span style=\"font-size: 16px;\">Formaci\u00f3n orientada al uso pr\u00e1ctico de los aceites esenciales en masaje, tratamientos corporales y formulaci\u00f3n personalizada de aceites y cremas, muy utilizada en centros de bienestar, est\u00e9tica y terapias manuales.<\/span><\/p><p data-start=\"1947\" data-end=\"1996\"><br data-start=\"1953\" data-end=\"1956\" \/><strong data-start=\"1956\" data-end=\"1996\">Ver programa \/ Solicitar informaci\u00f3n<\/strong><\/p>\t\t\t\t\t\t\t\t<\/div>\n\t\t\t\t<\/div>\n\t\t\t\t\t<\/div>\n\t\t<\/div>\n\t\t\t\t<div class=\"elementor-column elementor-col-33 elementor-top-column elementor-element elementor-element-fb18f6e\" data-id=\"fb18f6e\" data-element_type=\"column\" data-e-type=\"column\">\n\t\t\t<div class=\"elementor-widget-wrap elementor-element-populated\">\n\t\t\t\t\t\t<div class=\"elementor-element elementor-element-ab73aef elementor-widget elementor-widget-image\" data-id=\"ab73aef\" data-element_type=\"widget\" data-e-type=\"widget\" data-widget_type=\"image.default\">\n\t\t\t\t<div class=\"elementor-widget-container\">\n\t\t\t\t\t\t\t\t\t\t\t\t\t\t\t<img decoding=\"async\" src=\"https:\/\/femsalutnatural.com\/wp-content\/uploads\/elementor\/thumbs\/Escena-botanica-refinada-con-aceites-esenciales-en-frascos-de-vidrio-oscuro-un-alambique-de-cobre-pulido-y-plantas-aromaticas-como-lavanda-tomillo-y-romero-decorando-suavemente-el-entorno-rfzw789x3tq5hiiy422bzmoaucnc286p8knqsot5a8.png\" title=\"\u201cEscena bot\u00e1nica refinada con aceites esenciales en frascos de vidrio oscuro, un alambique de cobre pulido y plantas arom\u00e1ticas como lavanda, tomillo y romero decorando suavemente el entorno\" alt=\"\u201cEscena bot\u00e1nica refinada con aceites esenciales en frascos de vidrio oscuro, un alambique de cobre pulido y plantas arom\u00e1ticas como lavanda, tomillo y romero decorando suavemente el entorno\" loading=\"lazy\" \/>\t\t\t\t\t\t\t\t\t\t\t\t\t\t\t<\/div>\n\t\t\t\t<\/div>\n\t\t\t\t<div class=\"elementor-element elementor-element-3bc708d elementor-widget__width-initial elementor-widget elementor-widget-text-editor\" data-id=\"3bc708d\" data-element_type=\"widget\" data-e-type=\"widget\" data-widget_type=\"text-editor.default\">\n\t\t\t\t<div class=\"elementor-widget-container\">\n\t\t\t\t\t\t\t\t\t<p data-start=\"1660\" data-end=\"1727\"><strong data-start=\"1660\" data-end=\"1688\">Aromaterapia terap\u00e9utica<\/strong><\/p><p data-start=\"1660\" data-end=\"1727\">\ud83d\udd52 32 horas<br data-start=\"515\" data-end=\"518\" \/><strong data-start=\"518\" data-end=\"528\">Nivel:<\/strong> Avanzado \/ Profesional<\/p><p data-start=\"555\" data-end=\"872\">Curso orientado al uso terap\u00e9utico de los aceites esenciales en los distintos sistemas del organismo. Aprender\u00e1s a conocer en profundidad sus propiedades, seleccionar los aceites adecuados en cada patolog\u00eda y realizar formulaciones seguras y personalizadas, integrando la aromaterapia como herramienta terap\u00e9utica.<\/p><p data-start=\"1947\" data-end=\"1996\"><strong data-start=\"1956\" data-end=\"1996\">Ver programa \/ Solicitar informaci\u00f3n<\/strong><\/p>\t\t\t\t\t\t\t\t<\/div>\n\t\t\t\t<\/div>\n\t\t\t\t\t<\/div>\n\t\t<\/div>\n\t\t\t\t<div class=\"elementor-column elementor-col-33 elementor-top-column elementor-element elementor-element-aa1c9be\" data-id=\"aa1c9be\" data-element_type=\"column\" data-e-type=\"column\">\n\t\t\t<div class=\"elementor-widget-wrap\">\n\t\t\t\t\t\t\t<\/div>\n\t\t<\/div>\n\t\t\t\t\t<\/div>\n\t\t<\/section>\n\t\t\t\t<\/div>\n\t\t","protected":false},"excerpt":{"rendered":"","protected":false},"author":1,"featured_media":0,"parent":0,"menu_order":0,"comment_status":"closed","ping_status":"closed","template":"","meta":{"site-sidebar-layout":"no-sidebar","site-content-layout":"page-builder","ast-site-content-layout":"full-width-container","site-content-style":"default","site-sidebar-style":"default","ast-global-header-display":"","ast-banner-title-visibility":"","ast-main-header-display":"","ast-hfb-above-header-display":"","ast-hfb-below-header-display":"","ast-hfb-mobile-header-display":"","site-post-title":"disabled","ast-breadcrumbs-content":"","ast-featured-img":"disabled","footer-sml-layout":"","ast-disable-related-posts":"","theme-transparent-header-meta":"","adv-header-id-meta":"","stick-header-meta":"","header-above-stick-meta":"","header-main-stick-meta":"","header-below-stick-meta":"","astra-migrate-meta-layouts":"default","ast-page-background-enabled":"default","ast-page-background-meta":{"desktop":{"background-color":"","background-image":"","background-repeat":"repeat","background-position":"center center","background-size":"auto","background-attachment":"scroll","background-type":"","background-media":"","overlay-type":"","overlay-color":"","overlay-opacity":"","overlay-gradient":""},"tablet":{"background-color":"","background-image":"","background-repeat":"repeat","background-position":"center center","background-size":"auto","background-attachment":"scroll","background-type":"","background-media":"","overlay-type":"","overlay-color":"","overlay-opacity":"","overlay-gradient":""},"mobile":{"background-color":"","background-image":"","background-repeat":"repeat","background-position":"center center","background-size":"auto","background-attachment":"scroll","background-type":"","background-media":"","overlay-type":"","overlay-color":"","overlay-opacity":"","overlay-gradient":""}},"ast-content-background-meta":{"desktop":{"background-color":"var(--ast-global-color-5)","background-image":"","background-repeat":"repeat","background-position":"center center","background-size":"auto","background-attachment":"scroll","background-type":"","background-media":"","overlay-type":"","overlay-color":"","overlay-opacity":"","overlay-gradient":""},"tablet":{"background-color":"var(--ast-global-color-5)","background-image":"","background-repeat":"repeat","background-position":"center center","background-size":"auto","background-attachment":"scroll","background-type":"","background-media":"","overlay-type":"","overlay-color":"","overlay-opacity":"","overlay-gradient":""},"mobile":{"background-color":"var(--ast-global-color-5)","background-image":"","background-repeat":"repeat","background-position":"center center","background-size":"auto","background-attachment":"scroll","background-type":"","background-media":"","overlay-type":"","overlay-color":"","overlay-opacity":"","overlay-gradient":""}},"_joinchat":[],"footnotes":""},"class_list":["post-3777","page","type-page","status-publish","hentry"],"yoast_head":"<!-- This site is optimized with the Yoast SEO plugin v27.2 - https:\/\/yoast.com\/product\/yoast-seo-wordpress\/ -->\n<title>Cursos Aromaterapia - Fem Salut Natural<\/title>\n<meta name=\"robots\" content=\"index, follow, max-snippet:-1, max-image-preview:large, max-video-preview:-1\" \/>\n<link rel=\"canonical\" href=\"https:\/\/femsalutnatural.com\/ca\/cursos-aromaterapia\/\" \/>\n<meta property=\"og:locale\" content=\"ca_ES\" \/>\n<meta property=\"og:type\" content=\"article\" \/>\n<meta property=\"og:title\" content=\"Cursos Aromaterapia - Fem Salut Natural\" \/>\n<meta property=\"og:url\" content=\"https:\/\/femsalutnatural.com\/ca\/cursos-aromaterapia\/\" \/>\n<meta property=\"og:site_name\" content=\"Fem Salut Natural\" \/>\n<meta property=\"article:modified_time\" content=\"2026-01-04T17:34:40+00:00\" \/>\n<meta name=\"twitter:card\" content=\"summary_large_image\" \/>\n<meta name=\"twitter:label1\" content=\"Temps estimat de lectura\" \/>\n\t<meta name=\"twitter:data1\" content=\"3 minuts\" \/>\n<script type=\"application\/ld+json\" class=\"yoast-schema-graph\">{\"@context\":\"https:\/\/schema.org\",\"@graph\":[{\"@type\":\"WebPage\",\"@id\":\"https:\/\/femsalutnatural.com\/cursos-aromaterapia\/\",\"url\":\"https:\/\/femsalutnatural.com\/cursos-aromaterapia\/\",\"name\":\"Cursos Aromaterapia - Fem Salut Natural\",\"isPartOf\":{\"@id\":\"https:\/\/femsalutnatural.com\/#website\"},\"datePublished\":\"2026-01-04T17:03:55+00:00\",\"dateModified\":\"2026-01-04T17:34:40+00:00\",\"breadcrumb\":{\"@id\":\"https:\/\/femsalutnatural.com\/cursos-aromaterapia\/#breadcrumb\"},\"inLanguage\":\"ca\",\"potentialAction\":[{\"@type\":\"ReadAction\",\"target\":[\"https:\/\/femsalutnatural.com\/cursos-aromaterapia\/\"]}]},{\"@type\":\"BreadcrumbList\",\"@id\":\"https:\/\/femsalutnatural.com\/cursos-aromaterapia\/#breadcrumb\",\"itemListElement\":[{\"@type\":\"ListItem\",\"position\":1,\"name\":\"Home\",\"item\":\"https:\/\/femsalutnatural.com\/\"},{\"@type\":\"ListItem\",\"position\":2,\"name\":\"Cursos Aromaterapia\"}]},{\"@type\":\"WebSite\",\"@id\":\"https:\/\/femsalutnatural.com\/#website\",\"url\":\"https:\/\/femsalutnatural.com\/\",\"name\":\"Fem Salut Natural\",\"description\":\"Nutrici\u00f3n terap\u00e9utica y salud intestinal para recuperar tu bienestar\",\"publisher\":{\"@id\":\"https:\/\/femsalutnatural.com\/#organization\"},\"potentialAction\":[{\"@type\":\"SearchAction\",\"target\":{\"@type\":\"EntryPoint\",\"urlTemplate\":\"https:\/\/femsalutnatural.com\/?s={search_term_string}\"},\"query-input\":{\"@type\":\"PropertyValueSpecification\",\"valueRequired\":true,\"valueName\":\"search_term_string\"}}],\"inLanguage\":\"ca\"},{\"@type\":\"Organization\",\"@id\":\"https:\/\/femsalutnatural.com\/#organization\",\"name\":\"Fem Salut Natural\",\"url\":\"https:\/\/femsalutnatural.com\/\",\"logo\":{\"@type\":\"ImageObject\",\"inLanguage\":\"ca\",\"@id\":\"https:\/\/femsalutnatural.com\/#\/schema\/logo\/image\/\",\"url\":\"https:\/\/femsalutnatural.com\/wp-content\/uploads\/2023\/03\/S.png\",\"contentUrl\":\"https:\/\/femsalutnatural.com\/wp-content\/uploads\/2023\/03\/S.png\",\"width\":\"755\",\"height\":\"213\",\"caption\":\"Fem Salut Natural\"},\"image\":{\"@id\":\"https:\/\/femsalutnatural.com\/#\/schema\/logo\/image\/\"}}]}<\/script>\n<!-- \/ Yoast SEO plugin. -->","yoast_head_json":{"title":"Cursos Aromaterapia - Fem Salut Natural","robots":{"index":"index","follow":"follow","max-snippet":"max-snippet:-1","max-image-preview":"max-image-preview:large","max-video-preview":"max-video-preview:-1"},"canonical":"https:\/\/femsalutnatural.com\/ca\/cursos-aromaterapia\/","og_locale":"ca_ES","og_type":"article","og_title":"Cursos Aromaterapia - Fem Salut Natural","og_url":"https:\/\/femsalutnatural.com\/ca\/cursos-aromaterapia\/","og_site_name":"Fem Salut Natural","article_modified_time":"2026-01-04T17:34:40+00:00","twitter_card":"summary_large_image","twitter_misc":{"Temps estimat de lectura":"3 minuts"},"schema":{"@context":"https:\/\/schema.org","@graph":[{"@type":"WebPage","@id":"https:\/\/femsalutnatural.com\/cursos-aromaterapia\/","url":"https:\/\/femsalutnatural.com\/cursos-aromaterapia\/","name":"Cursos Aromaterapia - Fem Salut Natural","isPartOf":{"@id":"https:\/\/femsalutnatural.com\/#website"},"datePublished":"2026-01-04T17:03:55+00:00","dateModified":"2026-01-04T17:34:40+00:00","breadcrumb":{"@id":"https:\/\/femsalutnatural.com\/cursos-aromaterapia\/#breadcrumb"},"inLanguage":"ca","potentialAction":[{"@type":"ReadAction","target":["https:\/\/femsalutnatural.com\/cursos-aromaterapia\/"]}]},{"@type":"BreadcrumbList","@id":"https:\/\/femsalutnatural.com\/cursos-aromaterapia\/#breadcrumb","itemListElement":[{"@type":"ListItem","position":1,"name":"Home","item":"https:\/\/femsalutnatural.com\/"},{"@type":"ListItem","position":2,"name":"Cursos Aromaterapia"}]},{"@type":"WebSite","@id":"https:\/\/femsalutnatural.com\/#website","url":"https:\/\/femsalutnatural.com\/","name":"Fem Salut Natural","description":"Nutrici\u00f3n terap\u00e9utica y salud intestinal para recuperar tu bienestar","publisher":{"@id":"https:\/\/femsalutnatural.com\/#organization"},"potentialAction":[{"@type":"SearchAction","target":{"@type":"EntryPoint","urlTemplate":"https:\/\/femsalutnatural.com\/?s={search_term_string}"},"query-input":{"@type":"PropertyValueSpecification","valueRequired":true,"valueName":"search_term_string"}}],"inLanguage":"ca"},{"@type":"Organization","@id":"https:\/\/femsalutnatural.com\/#organization","name":"Fem Salut Natural","url":"https:\/\/femsalutnatural.com\/","logo":{"@type":"ImageObject","inLanguage":"ca","@id":"https:\/\/femsalutnatural.com\/#\/schema\/logo\/image\/","url":"https:\/\/femsalutnatural.com\/wp-content\/uploads\/2023\/03\/S.png","contentUrl":"https:\/\/femsalutnatural.com\/wp-content\/uploads\/2023\/03\/S.png","width":"755","height":"213","caption":"Fem Salut Natural"},"image":{"@id":"https:\/\/femsalutnatural.com\/#\/schema\/logo\/image\/"}}]}},"_links":{"self":[{"href":"https:\/\/femsalutnatural.com\/ca\/wp-json\/wp\/v2\/pages\/3777","targetHints":{"allow":["GET"]}}],"collection":[{"href":"https:\/\/femsalutnatural.com\/ca\/wp-json\/wp\/v2\/pages"}],"about":[{"href":"https:\/\/femsalutnatural.com\/ca\/wp-json\/wp\/v2\/types\/page"}],"author":[{"embeddable":true,"href":"https:\/\/femsalutnatural.com\/ca\/wp-json\/wp\/v2\/users\/1"}],"replies":[{"embeddable":true,"href":"https:\/\/femsalutnatural.com\/ca\/wp-json\/wp\/v2\/comments?post=3777"}],"version-history":[{"count":7,"href":"https:\/\/femsalutnatural.com\/ca\/wp-json\/wp\/v2\/pages\/3777\/revisions"}],"predecessor-version":[{"id":3802,"href":"https:\/\/femsalutnatural.com\/ca\/wp-json\/wp\/v2\/pages\/3777\/revisions\/3802"}],"wp:attachment":[{"href":"https:\/\/femsalutnatural.com\/ca\/wp-json\/wp\/v2\/media?parent=3777"}],"curies":[{"name":"wp","href":"https:\/\/api.w.org\/{rel}","templated":true}]}}